{"id":5,"date":"2020-01-31T17:22:01","date_gmt":"2020-01-31T16:22:01","guid":{"rendered":"http:\/\/widata.fr\/index.php\/mesmerize\/"},"modified":"2020-02-11T15:32:15","modified_gmt":"2020-02-11T14:32:15","slug":"mesmerize","status":"publish","type":"page","link":"https:\/\/widata.fr\/","title":{"rendered":"Front Page"},"content":{"rendered":"<div  id=\"expertise\" style=\"background-color: rgb(255, 255, 255); background-image: none;\" data-label=\"Expertise\" data-id=\"overlappable-4\" data-export-id=\"overlappable-4\" data-category=\"overlappable\" class=\"overlappable-4 content-section content-section-spacing\" data-overlap=\"true\"><div  class=\"gridContainer\"> <div  data-type=\"row\" class=\"row spaced-cols text-center\">  <div  class=\"col-xs-12 col-sm-4 col-padding\"> <i  class=\"fa icon shadow-large-black aligncenter color1 fa-users reverse round large\"><\/i> <div  data-type=\"column\" class=\"\"><h5  class=\"\">MANAGEMENT<\/h5> <p  class=\"\">Prise en charge de l\u2019ensemble des fonctions supports et op\u00e9rationnelles relatives \u00e0 vos projets : \u00e9quipes, co\u00fbts, planning, logistique, outils.<\/p><\/div> <\/div><div  class=\"col-xs-12 col-sm-4 col-padding\"> <i  class=\"fa icon shadow-large-black aligncenter color1 fa-gears reverse round large\"><\/i> <div  data-type=\"column\" class=\"\"> <h5  class=\"\">BIG DATA &amp; BI ANALYTICS<\/h5> <p  class=\"\">Exp\u00e9rience av\u00e9r\u00e9e dans la mise en \u0153uvre de projets analytiques d\u2019envergures (BI &amp; Big Data) pour&nbsp; valorisation des donn\u00e9es de l\u2019entreprise.<\/p><\/div> <\/div><div  class=\"col-xs-12 col-sm-4 col-padding\"> <a  data-cp-link=\"1\" href=\"#\"><i  class=\"fa icon shadow-large-black aligncenter color1 fa-magic reverse round large\"><\/i><\/a> <div  data-type=\"column\" class=\"\"><h5  class=\"\">DATA MANAGEMENT<\/h5> <p  class=\"\">Mise en place d\u2019une strat\u00e9gie pour la gestion de vos donn\u00e9es : gouvernance, data catalogue, mod\u00e9lisation, mesure de la qualit\u00e9, \u2026<\/p><\/div> <\/div><div  class=\"col-xs-12 col-sm-4 col-padding\"> <i  class=\"fa icon shadow-large-black aligncenter color1 fa-briefcase reverse round large\"><\/i> <div  data-type=\"column\" class=\"\"> <h5  class=\"\">BUSINESS &amp; IT<\/h5> <p  class=\"\">Car aujourd\u2019hui les deux ne doivent faire qu\u2019un : Maitrise des aspects fonctionnels &amp; techniques pour de multiples secteurs d\u2019activit\u00e9.<\/p><\/div> <\/div><div  class=\"col-xs-12 col-sm-4 col-padding\"> <i  class=\"fa icon shadow-large-black aligncenter color1 fa-calendar reverse round large\"><\/i> <div  data-type=\"column\" class=\"\"> <h5  class=\"\">AGILE<\/h5> <p  class=\"\">C\u2019est l\u2019\u00e9tat d\u2019esprit n\u00e9cessaire pour am\u00e9liorer votre Time to Maket avec une d\u00e9marche it\u00e9rative et incr\u00e9mentale pour le delivery de vos features.<\/p><\/div> <\/div><div  class=\"col-xs-12 col-sm-4 col-padding\"> <i  class=\"fa icon shadow-large-black aligncenter color1 fa-address-book reverse round large\"><\/i> <div  data-type=\"column\" class=\"\"> <h5  class=\"\">RGPD<\/h5> <p  class=\"\">Accompagnement pour d\u00e9finir votre politique et les mesures de protection associ\u00e9es des donn\u00e9es personnelles de vos clients &amp; employ\u00e9s.<\/p><\/div> <\/div><\/div> <\/div><\/div><div  id=\"presentation\" style=\"background-color: #f5fafd;\" data-label=\"Presentation\" data-id=\"about-1\" data-export-id=\"about-1\" data-category=\"about\" class=\"about-1 content-section\"><div  class=\"gridContainer\"> <div  class=\"row text-center\"><div  class=\"section-title-col\" data-type=\"column\">  <h2  class=\"\">Comment rendre la Data intelligible ?<\/h2> <p  class=\"lead\">Les donn\u00e9es \u00ab raw data \u00bb, c\u2019est-\u00e0-dire des donn\u00e9es brutes collect\u00e9es dans l\u2019entreprise ont pour vocation d\u2019\u00eatre analys\u00e9es.&nbsp;A ce stade, la data n\u2019est pas lisible dans son \u00e9tat brut : elle doit donc \u00eatre trait\u00e9e pour \u00eatre exploitable et acqu\u00e9rir de la valeur.&nbsp;Pour cela, il faut, dans un premier temps, comprendre le cycle de vie de chaque donn\u00e9e pour ensuite au travers de traitements, de restitution ou via la cr\u00e9ation de mod\u00e8les statistiques pouvoir r\u00e9pondre aux besoins m\u00e9tier des utilisateurs finaux.<\/p><h6  class=\"\">COLLECTER \/ ANALYSER \/ RESTITUER&nbsp;<\/h6><\/div> <\/div> <div  class=\"row\"> <div  class=\"button-holder space-bottom space-bottom-small\" data-type=\"column\"> <\/div> <div  class=\"col-xs bottom-xs flexbox image-group-bottom-3-img space-bottom-xs center-xs\"> <img  class=\"left-img shadow-large-black\" data-size=\"500x300\" src=\"http:\/\/widata.fr\/bc690193-ovh\/wp-content\/uploads\/2020\/02\/cropped-unnamed-1.png\" alt=\"\" title=\"cropped-unnamed-1.png\"> <img  class=\"center-img shadow-large-black\" data-size=\"500x300\" src=\"http:\/\/widata.fr\/bc690193-ovh\/wp-content\/uploads\/2020\/02\/cropped-1_OGX-RSc2GOwlv9VI5I4DCQ.jpeg\" alt=\"\" title=\"cropped-1_OGX-RSc2GOwlv9VI5I4DCQ.jpeg\"> <img  class=\"right-img shadow-large-black\" data-size=\"500x300\" src=\"http:\/\/widata.fr\/bc690193-ovh\/wp-content\/uploads\/2020\/02\/cropped-t\u00e9l\u00e9chargement-1.jpg\" alt=\"\" title=\"cropped-t\u00e9l\u00e9chargement-1.jpg\"><\/div> <\/div><\/div> <\/div><div  id=\"realisations\" style=\"background-color: #f5fafd;\" data-label=\"Realisations\" data-id=\"content-2\" data-export-id=\"content-2\" data-category=\"content\" class=\"content-2 content-section content-section-spacing\"><div > <div  class=\"row middle-xs\"><div  class=\"col-sm-5 bg-image shadow-large-black\" data-bg=\"image\" style=\"background-image: url(&quot;http:\/\/widata.fr\/bc690193-ovh\/wp-content\/uploads\/2020\/02\/Big-Data.jpg&quot;);\"><\/div> <div  class=\"col-sm-7 full-col-left-padding full-col-right-padding\"> <div  class=\"row\"> <div  data-type=\"column\" class=\"space-bottom-small content-title-col\">  <h2  class=\"\">R\u00e9alisations<\/h2> <p  class=\"\">Mes&nbsp;exp\u00e9riences me permettront de vous accompagner de bout en bout dans la r\u00e9alisation de vos diff\u00e9rents projets \u00ab&nbsp;Data&nbsp;\u00bb : Cadrage, Architecture, Organisation, Pilotage du Build &amp; Run.<\/p><\/div> <\/div> <div  class=\"row spaced-cols \" data-type=\"row\"> <div  class=\"col-xs-6\" data-type=\"column\"> <h5  class=\"\">LA POSTE<\/h5> <p  class=\"\">Chef de projet au sein du P\u00f4le Data (CDO) qui a pour mission la construction d\u2019un Datalake dont les principaux objectifs sont&nbsp; l\u2019am\u00e9lioration de la connaissance client au sein du groupe La Poste (Vision 360\u00b0) et la mutualisation des besoins transverse pour les fonctions support : RH, Finance, \u2026<\/p><\/div> <div  class=\"col-xs-6\" data-type=\"column\"><h5  class=\"\">SNCF<\/h5> <p  class=\"\">Responsable de programme au sein de la Fab Big Data sur une offre d\u2019infrastructure et d\u2019outils Big Data mutualis\u00e9s pour l\u2019ensemble du Groupe SNCF : \n<br >\u2013 Pilotage de la r\u00e9gularit\u00e9 du service\n\n<br >\u2013 Etude des flux voyageurs en gares\n<br >\u2013 Pr\u00e9diction sur la d\u00e9faillance du mat\u00e9riel<\/p><\/div> <div  class=\"col-xs-6\" data-type=\"column\"><h5  class=\"\">CAPGEMINI<\/h5> <p  class=\"\">Chef de projet pour la mise en \u0153uvre d\u2019une solution analytique Big Data sur du scoring de correspondance entre des CVs et des offres d\u2019emploi : Analyse des comp\u00e9tences des employ\u00e9s, G\u00e9n\u00e9ration de r\u00e9f\u00e9rentiels d\u2019entreprise, \u2026<\/p><h6  class=\"\">ORANGE<\/h6><p  class=\"\">Responsable d\u2019\u00e9quipe de d\u00e9veloppement sur des projets it\u00e9ratifs :\n<br >\u2013 Pilcom : Pilotage commercial des ventes d\u2019Orange\n<br >\u2013 Tra\u00e7abilit\u00e9 : Suivi &amp; R\u00e9mun\u00e9ration des distributeurs externes\n<br >\u2013&nbsp;DMC : Datamart Convergent des lignes Internet &amp; Mobile).<\/p><\/div> <div  class=\"col-xs-6\" data-type=\"column\"><h5  class=\"\">ASP<\/h5> <p  class=\"\">Chef de projet pour la mise en \u0153uvre d\u2019un nouveau syst\u00e8me d\u00e9cisionnel destin\u00e9 \u00e0 plusieurs minist\u00e8res : Pilotage des FESI en France, Gestion des dossiers subventionn\u00e9es 27Mds\u20ac sur 2014-2020.<\/p><\/div> <\/div><\/div> <\/div><\/div> <\/div><div  id=\"team-2\" style=\"background-color: rgb(245, 250, 253); background-image: none;\" data-label=\"Team\" data-id=\"team-2\" data-export-id=\"team-2\" data-category=\"team\" class=\"team-2 content-section content-section-spacing\"><div  class=\"gridContainer\"> <div  class=\"row text-center\"><div  class=\"section-title-col\" data-type=\"column\"> <h2  class=\"\">Qui suis je ?<\/h2> <p  class=\"lead\">&nbsp;\u00ab La rencontre d\u2019un scientifique passionn\u00e9 par les donn\u00e9es avec une r\u00e9volution technologique \u00bb&nbsp;<\/p><\/div> <\/div> <div  class=\"row spaced-cols content-center-sm center-sm\" data-type=\"row\">  <div  class=\"col-sm-6 col-md-3\"> <div  class=\"card y-move no-padding bordered\"> <img  class=\"face\" src=\"http:\/\/widata.fr\/bc690193-ovh\/wp-content\/uploads\/2020\/02\/cropped-Photo-scaled-1.jpg\" alt=\"\" title=\"cropped-Photo-scaled-1.jpg\"> <div  data-type=\"column\" class=\"col-padding-small col-padding-small-xs description-container\"> <h4  class=\"font-500\">Cyril BROCARD<\/h4> <p  class=\"small\" style=\"font-style: italic;\">Expert Data<\/p> <div  class=\"social-icons-group\" data-type=\"group\"> <a  href=\"#\" target=\"_self\" data-reiki-hidden=\"true\"><i  class=\"gray fa icon fa-facebook-square\"><\/i><\/a> <a  href=\"#\" target=\"_self\" data-reiki-hidden=\"true\"><i  class=\"gray fa icon fa-twitter-square\"><\/i><\/a> <a  href=\"https:\/\/www.linkedin.com\/in\/cyril-brocard-046339b4\" target=\"_self\" class=\"\"><i  class=\"gray fa icon fa-linkedin-square\"><\/i><\/a> <a  href=\"#\" target=\"_self\" data-reiki-hidden=\"true\"><i  class=\"gray fa icon fa-google-plus-square\"><\/i><\/a><\/div> <\/div><\/div> <\/div>      <\/div> <\/div><\/div><div  id=\"avis\" style=\"background-color: #ffffff;\" data-label=\"Avis\" data-id=\"testimonials-5\" data-export-id=\"testimonials-5\" data-category=\"testimonials\" class=\"testimonials-5 content-section content-section-spacing\"><div  class=\"gridContainer\"> <div  class=\"row\"><div  data-type=\"column\" class=\"section-title-col\"> <h2  class=\"\">Avis Client<\/h2> <p  class=\"lead\">Ne nous croyez pas sur parole \u2013 voici ce que disent nos clients :<\/p><\/div> <\/div> <div  class=\"row spaced-cols content-center-sm\" data-type=\"row\"> <div  class=\"col-sm-4\"> <div  class=\"card y-move bordered\" data-type=\"column\"> <i  class=\"fa fa-quote-right icon color1 small quotation-icon\"><\/i> <p  class=\"text-center\">Incomming<\/p> <img  src=\"http:\/\/widata.fr\/bc690193-ovh\/wp-content\/plugins\/mesmerize-companion\/theme-data\/mesmerize\/sections\/images\/team-5.jpg\" class=\"round icon\"> <h6  class=\"\">John Doe<\/h6> <p  class=\"small italic\">La Poste<\/p><\/div> <\/div>  <\/div> <\/div><\/div><div  data-label=\"Contact\" data-id=\"contact--1\" data-export-id=\"contact-1\" data-category=\"contact\" class=\"contact-1 content-section content-section-spacing white-text\" data-parallax-depth=\"20\" id=\"contact-1\" style=\"background-color: rgb(255, 255, 255);\"><div  class=\"gridContainer\"> <div  class=\"row text-center\"><div  class=\"section-title-col\" data-type=\"column\"> <h2  class=\"\">Nous contacter<\/h2> <p  class=\"lead\">\u2709 : cyril.brocard@widata.fr \u2013 \u2706 : 06.75.85.04.62<\/p><\/div> <\/div> <div  class=\"row text-center\"> <div  class=\"col-xs-12 col-sm-8 col-sm-offset-2 contact-form-wrapper inline-info\"> <div  class=\"card large-padding\"> <div  class=\"\" data-content-shortcode=\"mesmerize_contact_form shortcode=&quot;wpforms id=&amp;amp;quot;81&amp;amp;quot; title=&amp;amp;quot;false&amp;amp;quot; description=&amp;amp;quot;false&amp;amp;quot;&quot;\" data-editable=\"true\"><\/div><\/div> <\/div><\/div> <\/div><\/div>","protected":false},"excerpt":{"rendered":"<p>MANAGEMENT Prise en charge de l\u2019ensemble des fonctions supports et op\u00e9rationnelles relatives \u00e0 vos projets : \u00e9quipes, co\u00fbts, planning, logistique, outils. BIG DATA &amp; BI ANALYTICS Exp\u00e9rience av\u00e9r\u00e9e dans la mise en \u0153uvre de projets analytiques d\u2019envergures (BI &amp; Big Data) pour&nbsp; valorisation des donn\u00e9es de l\u2019entreprise. DATA MANAGEMENT Mise en place d\u2019une strat\u00e9gie pour&hellip; <br \/> <a class=\"read-more\" href=\"https:\/\/widata.fr\/\">Lire la suite<\/a><\/p>\n","protected":false},"author":1,"featured_media":0,"parent":0,"menu_order":0,"comment_status":"closed","ping_status":"closed","template":"page-templates\/homepage.php","meta":[],"_links":{"self":[{"href":"https:\/\/widata.fr\/index.php\/wp-json\/wp\/v2\/pages\/5"}],"collection":[{"href":"https:\/\/widata.fr\/index.php\/wp-json\/wp\/v2\/pages"}],"about":[{"href":"https:\/\/widata.fr\/index.php\/wp-json\/wp\/v2\/types\/page"}],"author":[{"embeddable":true,"href":"https:\/\/widata.fr\/index.php\/wp-json\/wp\/v2\/users\/1"}],"replies":[{"embeddable":true,"href":"https:\/\/widata.fr\/index.php\/wp-json\/wp\/v2\/comments?post=5"}],"version-history":[{"count":24,"href":"https:\/\/widata.fr\/index.php\/wp-json\/wp\/v2\/pages\/5\/revisions"}],"predecessor-version":[{"id":155,"href":"https:\/\/widata.fr\/index.php\/wp-json\/wp\/v2\/pages\/5\/revisions\/155"}],"wp:attachment":[{"href":"https:\/\/widata.fr\/index.php\/wp-json\/wp\/v2\/media?parent=5"}],"curies":[{"name":"wp","href":"https:\/\/api.w.org\/{rel}","templated":true}]}}